{"id":683,"date":"2018-07-25T15:06:14","date_gmt":"2018-07-25T18:06:14","guid":{"rendered":"https:\/\/iescoloniaelisa-cha.infd.edu.ar\/sitio\/?page_id=683"},"modified":"2024-01-29T18:40:53","modified_gmt":"2024-01-29T21:40:53","slug":"institucional","status":"publish","type":"page","link":"https:\/\/iescoloniaelisa-cha.infd.edu.ar\/sitio\/institucional\/","title":{"rendered":"El Instituto"},"content":{"rendered":"<p>El Instituto fue fundado en 2009. En primer lugar fue una UES dependiente del IES de Las Garcitas hasta su independizaci\u00f3n en 2012. Los primeros profesionales egreados en esta casa de estudios fueron los Profesores de Nivel Primario, se sumaron luego los Profesorados de Educaci\u00f3n Secundaria en Lengua y Literatura y Profesorados de Educaci\u00f3n Secundaria en Geograf\u00eda. Adem\u00e1s de tener egresados de las carreras vigentes q<a href=\"https:\/\/iescoloniaelisa-cha.infd.edu.ar\/sitio\/catalogo\/\">ue se detallan ac\u00e1<\/a>; tambi\u00e9n lo hicieron profesores de Ingl\u00e9s y t\u00e9cnicos en Turismo sobre espacios Rurales y Trabajo Social.<\/p>\n<ul class=\"i8Z77e\">\n<li class=\"TrT0Xe\"><b>CUE<\/b>: 220232000.<\/li>\n<li class=\"TrT0Xe\">Direcci\u00f3n: Mz 45, Pc 14, Cir I, Secci\u00f3n A.<\/li>\n<li class=\"TrT0Xe\">Localidad:\u00a0<b>Colonia Elisa<\/b>.<\/li>\n<li>DREP: VII<\/li>\n<li>Rectora: Norma Mirta Paredes<\/li>\n<li class=\"TrT0Xe\">Tel\u00e9fono: 3725641985<\/li>\n<li class=\"TrT0Xe\">E-mail: institcoles@hotmail.com.<\/li>\n<\/ul>\n<p><img decoding=\"async\" loading=\"lazy\" class=\"alignnone size-full wp-image-1214\" src=\"https:\/\/iescoloniaelisa-cha.infd.edu.ar\/sitio\/wp-content\/uploads\/2024\/01\/FB_IMG_1695824056088.jpg\" alt=\"\" width=\"720\" height=\"553\" \/><\/p>\n<pre><em>Primera Promoci\u00f3n del Profesorado de Educaci\u00f3n Primaria.<\/em><\/pre>\n","protected":false},"excerpt":{"rendered":"<p>El Instituto fue fundado en 2009. En primer lugar fue una UES dependiente del IES de Las Garcitas hasta su independizaci\u00f3n en 2012. Los primeros profesionales egreados en esta casa de estudios fueron los Profesores de Nivel Primario, se sumaron luego los Profesorados de Educaci\u00f3n Secundaria en Lengua y Literatura y Profesorados de Educaci\u00f3n Secundaria &#8230; <a title=\"El Instituto\" class=\"read-more\" href=\"https:\/\/iescoloniaelisa-cha.infd.edu.ar\/sitio\/institucional\/\" aria-label=\"More on El Instituto\">[+]<\/a><\/p>\n","protected":false},"author":6,"featured_media":0,"parent":0,"menu_order":0,"comment_status":"closed","ping_status":"closed","template":"","meta":[],"acf":[],"_links":{"self":[{"href":"https:\/\/iescoloniaelisa-cha.infd.edu.ar\/sitio\/wp-json\/wp\/v2\/pages\/683"}],"collection":[{"href":"https:\/\/iescoloniaelisa-cha.infd.edu.ar\/sitio\/wp-json\/wp\/v2\/pages"}],"about":[{"href":"https:\/\/iescoloniaelisa-cha.infd.edu.ar\/sitio\/wp-json\/wp\/v2\/types\/page"}],"author":[{"embeddable":true,"href":"https:\/\/iescoloniaelisa-cha.infd.edu.ar\/sitio\/wp-json\/wp\/v2\/users\/6"}],"replies":[{"embeddable":true,"href":"https:\/\/iescoloniaelisa-cha.infd.edu.ar\/sitio\/wp-json\/wp\/v2\/comments?post=683"}],"version-history":[{"count":7,"href":"https:\/\/iescoloniaelisa-cha.infd.edu.ar\/sitio\/wp-json\/wp\/v2\/pages\/683\/revisions"}],"predecessor-version":[{"id":1216,"href":"https:\/\/iescoloniaelisa-cha.infd.edu.ar\/sitio\/wp-json\/wp\/v2\/pages\/683\/revisions\/1216"}],"wp:attachment":[{"href":"https:\/\/iescoloniaelisa-cha.infd.edu.ar\/sitio\/wp-json\/wp\/v2\/media?parent=683"}],"curies":[{"name":"wp","href":"https:\/\/api.w.org\/{rel}","templated":true}]}}