{"id":734,"date":"2023-01-01T21:28:35","date_gmt":"2023-01-02T00:28:35","guid":{"rendered":"https:\/\/iescoloniaelisa-cha.infd.edu.ar\/sitio\/?page_id=734"},"modified":"2026-04-06T07:57:56","modified_gmt":"2026-04-06T10:57:56","slug":"plan-de-estudio","status":"publish","type":"page","link":"https:\/\/iescoloniaelisa-cha.infd.edu.ar\/sitio\/catalogo\/plan-de-estudio\/","title":{"rendered":"Planes de estudio"},"content":{"rendered":"<p><b>PROFESORADO\u00a0 DE\u00a0 EDUCACI\u00d3N SECUNDARIA <\/b><b>EN LENGUA Y LITERATURA<\/b><\/p>\n<p>Ver Dise\u00f1o Curricular haciendo <a href=\"https:\/\/docs.google.com\/document\/d\/1w2IDa4NU-TfmkFvOdT2uxFITArzop3N2\">click ac\u00e1.<\/a><\/p>\n<p><strong>PROFESORADO DE EDUCACI\u00d3N SECUNDARIA EN GEOGRAF\u00cdA<br \/><\/strong><\/p>\n<p>Ver Dise\u00f1o Curricular haciendo <a href=\"https:\/\/drive.google.com\/file\/d\/1sSYzbmmDOumWrPymN0S0dZeevC3CvcRm\/view?usp=sharing\">Click ac\u00e1<\/a><\/p>\n<p><strong>PROFESORADO PARA LA EDUCACI\u00d3N SECUNDARIA EN CIENCIA POL\u00cdTICA<\/strong><\/p>\n<p>Para ver el plan hac\u00e9 <a href=\"https:\/\/drive.google.com\/file\/d\/1gL6aS8F_-1IGSYr0y8pAUD3JGBrkEJTm\/view?usp=sharing\">click ac\u00e1<\/a><\/p>\n<p>Para ver el dise\u00f1o hac\u00e9 <a href=\"https:\/\/drive.google.com\/file\/d\/1RhZqQra49HiC77tHu0UinOUkumlD9Wau\/view?usp=sharing\">click ac\u00e1<\/a><\/p>\n<p><strong>PROFESORADO PARA LA EDUCACI\u00d3N INICIAL<\/strong><\/p>\n<p>Para ver el plan hac\u00e9 <a href=\"https:\/\/docs.google.com\/document\/d\/1YVWXDvacFWGxSQXZFOjvqbv49kx5cqml\/edit\">click ac\u00e1<\/a><\/p>\n<p>Para ver el dise\u00f1o hac\u00e9 <a href=\"https:\/\/drive.google.com\/file\/d\/1EeW0wllstR-YGUWpenpCAUp9i74VU9xQ\/view\">click ac\u00e1<\/a><\/p>\n<p><strong>PROFESORADO DE EDUCACI\u00d3N SECUNDARIA EN AGRONOM\u00cdA<\/strong><\/p>\n<p><a href=\"https:\/\/iescoloniaelisa-cha.infd.edu.ar\/sitio\/wp-content\/uploads\/2022\/12\/DC-Prof-de-educacion-Sec-en-Agronomia.pdf\">Ver Dise\u00f1o Curricular haciendo click ac\u00e1<\/a><\/p>\n<p><strong>PROFESORADO DE EDUCACI\u00d3N EDUCACION PRIMARIA <\/strong><br \/>Ver Dise\u00f1o Curricular haciendo <a href=\"https:\/\/drive.google.com\/file\/d\/16Iay30E_gpJOmRFI5rwTjf4DxAr0B7gs\/view?usp=sharing\">click ac\u00e1<\/a>.<\/p>\n<p><strong>PROFESORADO DE EDUCACI\u00d3N SECUNDARIA EN EDUCACI\u00d3N TECNOL\u00d3GICA<\/strong><\/p>\n<p><a href=\"https:\/\/drive.google.com\/file\/d\/1Z-_9C6Y4GpNsiS7cEfoPlfPyIZ1RwsvV\/view?usp=sharing\">Ver Dise\u00f1o Curricular haciendo click ac\u00e1<\/a><\/p>\n<p><strong>PROFESORADO DE EDUCACI\u00d3N SUPERIOR EN CIENCIAS DE LA EDUCACI\u00d3N<\/strong><\/p>\n<p>Ver Dise\u00f1o Curricular haciendo <a href=\"https:\/\/drive.google.com\/file\/d\/1nwgBjkEKAEg4NIMK_KbiWK4Sr-ckZKp6\/view?usp=sharing\">click ac\u00e1<\/a><\/p>\n<p><strong>TECNICATURA SUPERIOR EN GESTI\u00d3N DE LA PRODUCCI\u00d3N AGROPECUARIA<\/strong><\/p>\n<p><a href=\"https:\/\/docs.google.com\/document\/d\/1A0QyKgZjXKwQN52fQjMIFPFHikjc0u-H\/edit?rtpof=true\">Ver Dise\u00f1o Curricular haciendo click ac\u00e1<\/a><\/p>\n<p><strong>TECNICATURA SUPERIOR EN ADMINISTRACI\u00d3N DE EMPRESAS AGROALIMENTARIAS<\/strong><\/p>\n<p><a href=\"https:\/\/drive.google.com\/file\/d\/1MdWIqgvEOhQEp_lETNzLbk96lJK8rjMd\/view?usp=sharing\">Ver Dise\u00f1o Curricular haciendo click ac\u00e1<\/a><\/p>\n","protected":false},"excerpt":{"rendered":"<p>PROFESORADO\u00a0 DE\u00a0 EDUCACI\u00d3N SECUNDARIA EN LENGUA Y LITERATURA Ver Dise\u00f1o Curricular haciendo click ac\u00e1. PROFESORADO DE EDUCACI\u00d3N SECUNDARIA EN GEOGRAF\u00cdA Ver Dise\u00f1o Curricular haciendo Click ac\u00e1 PROFESORADO PARA LA EDUCACI\u00d3N SECUNDARIA EN CIENCIA POL\u00cdTICA Para ver el plan hac\u00e9 click ac\u00e1 Para ver el dise\u00f1o hac\u00e9 click ac\u00e1 PROFESORADO PARA LA EDUCACI\u00d3N INICIAL Para ver &#8230; <a title=\"Planes de estudio\" class=\"read-more\" href=\"https:\/\/iescoloniaelisa-cha.infd.edu.ar\/sitio\/catalogo\/plan-de-estudio\/\" aria-label=\"More on Planes de estudio\">[+]<\/a><\/p>\n","protected":false},"author":6,"featured_media":0,"parent":644,"menu_order":0,"comment_status":"closed","ping_status":"closed","template":"","meta":[],"acf":[],"_links":{"self":[{"href":"https:\/\/iescoloniaelisa-cha.infd.edu.ar\/sitio\/wp-json\/wp\/v2\/pages\/734"}],"collection":[{"href":"https:\/\/iescoloniaelisa-cha.infd.edu.ar\/sitio\/wp-json\/wp\/v2\/pages"}],"about":[{"href":"https:\/\/iescoloniaelisa-cha.infd.edu.ar\/sitio\/wp-json\/wp\/v2\/types\/page"}],"author":[{"embeddable":true,"href":"https:\/\/iescoloniaelisa-cha.infd.edu.ar\/sitio\/wp-json\/wp\/v2\/users\/6"}],"replies":[{"embeddable":true,"href":"https:\/\/iescoloniaelisa-cha.infd.edu.ar\/sitio\/wp-json\/wp\/v2\/comments?post=734"}],"version-history":[{"count":96,"href":"https:\/\/iescoloniaelisa-cha.infd.edu.ar\/sitio\/wp-json\/wp\/v2\/pages\/734\/revisions"}],"predecessor-version":[{"id":1278,"href":"https:\/\/iescoloniaelisa-cha.infd.edu.ar\/sitio\/wp-json\/wp\/v2\/pages\/734\/revisions\/1278"}],"up":[{"embeddable":true,"href":"https:\/\/iescoloniaelisa-cha.infd.edu.ar\/sitio\/wp-json\/wp\/v2\/pages\/644"}],"wp:attachment":[{"href":"https:\/\/iescoloniaelisa-cha.infd.edu.ar\/sitio\/wp-json\/wp\/v2\/media?parent=734"}],"curies":[{"name":"wp","href":"https:\/\/api.w.org\/{rel}","templated":true}]}}