{"id":768,"date":"2018-07-26T14:05:47","date_gmt":"2018-07-26T17:05:47","guid":{"rendered":"https:\/\/iescoloniaelisa-cha.infd.edu.ar\/sitio\/?page_id=768"},"modified":"2024-04-03T17:26:13","modified_gmt":"2024-04-03T20:26:13","slug":"inscripciones","status":"publish","type":"page","link":"https:\/\/iescoloniaelisa-cha.infd.edu.ar\/sitio\/inicio\/inscripciones\/","title":{"rendered":"NUESTRAS PROPUESTAS EDUCATIVAS EN 2024"},"content":{"rendered":"<header class=\"entry-header\">\n<h4>Profesorado de Ense\u00f1anza Secundaria en Lengua y Literatura<\/h4>\n<div class=\"single-post-content-text content-pad\">\n<div class=\"u_row\">\n<div class=\"vc_row wpb_row vc_row-fluid\">\n<div class=\"wpb_column vc_column_container vc_col-sm-12\">\n<div class=\"vc_column-inner \">\n<div class=\"wpb_wrapper\">\n<div class=\"wpb_text_column wpb_content_element \">\n<div class=\"wpb_wrapper\">\n<p><strong>T\u00edtulo: Profesor\/a para la Educaci\u00f3n Secundaria en Lengua y Literatura, con validez nacional &#8211; Duraci\u00f3n:<\/strong>\u00a0<strong>4 a\u00f1os &#8211; Validez Nacional<\/strong><\/p>\n<p>La formaci\u00f3n docente en Lengua y Literatura le permite adquirir un conocimiento de la lengua espa\u00f1ola: su fonolog\u00eda, morfolog\u00eda, sintaxis, y sem\u00e1ntica, como as\u00ed tambi\u00e9n herramientas para el an\u00e1lisis del discurso literario. Adem\u00e1s, lo formar\u00e1 en competencias pedag\u00f3gico- did\u00e1cticas para dise\u00f1ar, ejecutar y evaluar procesos de ense\u00f1anza-aprendizaje sobre la base de un conocimiento actualizado en el \u00e1mbito de la Lengua y Literatura y la investigaci\u00f3n educativa.<\/p>\n<p><strong>Objetivos de la carrera:\u00a0<\/strong><\/p>\n<ul>\n<li aria-level=\"1\">Formar docentes capaces de asumirse como educadores comprometidos y s\u00f3lidamente formados con quienes se vinculan los adolescentes, j\u00f3venes y adultos de modo sistem\u00e1tico, y de desplegar pr\u00e1cticas educativas contextualizadas, desde claros posicionamientos te\u00f3ricos, con creatividad, esp\u00edritu de innovaci\u00f3n, compromiso social y respeto por la diversidad.<\/li>\n<li aria-level=\"1\">Garantizar una formaci\u00f3n docente inicial integral, a trav\u00e9s del desarrollo equilibrado de los campos de formaci\u00f3n pedag\u00f3gica, espec\u00edfica y de la pr\u00e1ctica profesional docente, con los aportes de las diferentes \u00e1reas del conocimiento.<\/li>\n<li aria-level=\"1\">Promover el desarrollo de habilidades y actitudes para el ejercicio \u00e9tico, racional, reflexivo, cr\u00edtico y eficiente de la docencia, entendiendo que la Educaci\u00f3n Secundaria es un derecho y un deber social, y que los adolescentes, j\u00f3venes y adultos son sujetos de derecho, seres sociales, integrantes de una familia y de una comunidad, que poseen caracter\u00edsticas personales, sociales, culturales y ling\u00fc\u00edsticas particulares y que aprenden en un proceso constructivo y relacional con su ambiente.<\/li>\n<li aria-level=\"1\">Estimular procesos que impulsen la cooperaci\u00f3n y la conformaci\u00f3n de redes interinstitucionales, el trabajo en grupo y la responsabilidad, propiciando la formaci\u00f3n de ciudadanos y profesionales conscientes de sus deberes y derechos, dispuestos y capacitados para participar y liderar en la detecci\u00f3n y soluci\u00f3n de los problemas \u00e1ulicos, institucionales y comunitarios diversos.<\/li>\n<li aria-level=\"1\">Propiciar en los futuros docentes la construcci\u00f3n de una identidad profesional clara, a trav\u00e9s de los an\u00e1lisis de los fundamentos pol\u00edticos, sociol\u00f3gicos, epistemol\u00f3gicos, pedag\u00f3gicos, psicol\u00f3gicos y did\u00e1cticos que atraviesan las teor\u00edas de la ense\u00f1anza y del aprendizaje y del desarrollo de las competencias que conforman la especificidad de la tarea docente en el \u00e1mbito de la Educaci\u00f3n Secundaria.<\/li>\n<\/ul>\n<p><strong>Salida laboral<\/strong><br \/>&#8211; Ense\u00f1ar Lengua y Literatura en el Nivel Medio o Superior<br \/>&#8211; Planificar, conducir y evaluar los procesos de ense\u00f1anza y de aprendizaje a partir del ejercicio de la docencia en el \u00c1rea Lengua y Literatura.<br \/>&#8211; Asesorar en lo referente a la metodolog\u00eda de la ense\u00f1anza de la Lengua y la Literatura.<br \/>&#8211; Participar en la planificaci\u00f3n, ejecuci\u00f3n y evaluaci\u00f3n de proyectos de extensi\u00f3n en el \u00e1mbito universitario, particularmente en los relativos a la formaci\u00f3n inicial y continua, el perfeccionamiento y la actualizaci\u00f3n del docente del \u00e1rea.<br \/>&#8211; Participar en equipos interdisciplinarios dedicados a la investigaci\u00f3n en universidades, centros e institutos de investigaci\u00f3n.<br \/>&#8211; Realizar asesoramiento, investigaci\u00f3n y planificaciones curriculares del \u00c1rea en organismos e instituciones oficiales y privados.<br \/>&#8211; Intervenir y asesorar en la pol\u00edtica estatal de ense\u00f1anza y acci\u00f3n cultural.<br \/>&#8211; Trabajar como corrector en empresas editoriales o en el asesoramiento t\u00e9cnico para la publicaci\u00f3n de obras especializadas del \u00c1rea.<br \/>&#8211; Trabajar en periodismo especializado en publicaciones referidas a la lengua y la literatura.<br \/>&#8211; Producir ensayos, libros y materiales curriculares relativos a investigaciones desarrolladas en el \u00c1rea de la Literatura, la Ling\u00fc\u00edstica, la Metodolog\u00eda y la Cr\u00edtica, y a propuestas para libros de textos destinados a la lectura y a la ense\u00f1anza de la Lengua y la Literatura en los distintos niveles del Sistema Educativo.<\/p>\n<p>\u00a0<\/p>\n<\/div>\n<\/div>\n<\/div>\n<\/div>\n<\/div>\n<\/div>\n<\/div>\n<\/div>\n<\/header><header class=\"entry-header\">\n<h4>Profesorado de Ense\u00f1anza Secundaria en Geograf\u00eda<\/h4>\n<p><strong>T\u00edtulo: Profesor para la Educaci\u00f3n Secundaria en Geograf\u00eda, con validez nacional &#8211; Duraci\u00f3n:<\/strong>\u00a0<strong>4 a\u00f1os &#8211; Validez Nacional<\/strong><br \/><span style=\"font-size: inherit;\">Esta carrera se destaca por su estructura curricular organizada por la diversidad del conocimiento sistem\u00e1tico propio de la disciplina y por actividades curriculares orientadas a la construcci\u00f3n espec\u00edfica del conocimiento did\u00e1ctico para la ense\u00f1anza de la Geograf\u00eda en sus diferentes niveles. El conocimiento de problem\u00e1ticas geogr\u00e1ficas mediante el trabajo interdisciplinario en Ciencias Sociales consolida su formaci\u00f3n para el desarrollo profesional en la docencia, la investigaci\u00f3n y el trabajo profesional, ahondando en perspectivas te\u00f3ricas y metodol\u00f3gicas para el estudio y an\u00e1lisis de los factores y procesos que interact\u00faan en las sociedades contempor\u00e1neas en su v\u00ednculo con el territorio: econ\u00f3micos, pol\u00edticos, hist\u00f3ricos, sociales, ambientales, productivos, culturales, entre otros.<\/span><\/p>\n<\/header><header class=\"entry-header\">\n<div class=\"carreras-tit\">\n<p><strong>Salida laboral<\/strong><\/p>\n<p><span style=\"font-size: inherit;\">Los egresados tienen un amplio campo de trabajo en distintas instituciones p\u00fablicas o privadas, principalmente orientado al desenvolvimiento en el \u00e1mbito educativo en todos sus niveles (secundario, terciario, universitario y de posgrado). El dominio de los conocimientos te\u00f3ricos y aplicados que se obtienen en este tipo de carreras les proporciona a los egresados un plus en su desenvolvimiento frente a otros especialistas. Existe un alto grado de demanda por parte del mercado laboral de los egresados del IES \u00abColonia Elisa\u00bb.<\/span><\/p>\n<\/div>\n<\/header>\n<p>\u00a0<\/p>\n<header class=\"entry-header\">\n<div id=\"generate-section-7\" class=\"generate-sections-container\">\n<div class=\"grid-container grid-parent generate-sections-inside-container\">\n<h4><strong>PROFESORADO DE EDUCACI\u00d3N SECUNDARIA EN AGRONOM\u00cdA<\/strong><\/h4>\n<p><strong>T\u00edtulo: Profesor\/a de Educaci\u00f3n Secundaria en Agronom\u00eda &#8211; Duraci\u00f3n: 4 a\u00f1os &#8211; Validez Nacional<\/strong><\/p>\n<p>\u00a0 \u00a0 \u00a0 \u00a0 \u00a0En el marco de la concepci\u00f3n\u00a0 de formaci\u00f3n docente continua y considerando el rol profesional, se requiere un docente con capacidad e idoneidad para su desempe\u00f1o en diferentes tareas, en distintos \u00e1mbitos (de ense\u00f1anza, institucional y de organizaci\u00f3n) y en diferentes contextos.<\/p>\n<p>\u00a0\u00a0\u00a0\u00a0\u00a0\u00a0\u00a0\u00a0 Se persigue la formaci\u00f3n de un docente en Agronom\u00eda para el nivel secundario con\u00a0 conocimientos \u00a0profesionales de primer nivel, preparaci\u00f3n pedag\u00f3gico-did\u00e1ctica acorde con las metodolog\u00edas activas \u00a0y mediatizadas que requiere el trabajo \u00e1ulico con las particularidades psicol\u00f3gicas y sociol\u00f3gicas de los adolescentes en la actualidad y con actitud investigativa en las \u00e1reas en las que se ha capacitado\u00a0 a trav\u00e9s de su formaci\u00f3n.<\/p>\n<p><strong>Perfil del egresado<\/strong>\u00a0\u00a0\u00a0\u00a0\u00a0\u00a0\u00a0\u00a0<\/p>\n<p>\u00a0 \u00a0 \u00a0 \u00a0 El docente deber\u00e1 ser capaz de capturar los nuevos desaf\u00edos para una educaci\u00f3n pensada en t\u00e9rminos prospectivos. En tal sentido, se pretende un docente id\u00f3neo y consciente de la necesidad de una formaci\u00f3n docente continua iniciada en el trayecto de la formaci\u00f3n inicial y que contin\u00faa durante su ejercicio profesional en forma permanente.<\/p>\n<p>\u00a0\u00a0\u00a0\u00a0\u00a0\u00a0\u00a0\u00a0 La docencia como pr\u00e1ctica centrada en la ense\u00f1anza implica capacidad para:\u00a0<\/p>\n<ul>\n<li>\n<div>Dominar los conocimientos a ense\u00f1ar y actualizar su propio marco de referencia.\u00a0<\/div>\n<\/li>\n<li>\n<div>\u00a0Organizar y dirigir situaciones de aprendizaje utilizando los contextos sociopol\u00edtico,\u00a0sociocultural y socioling\u00fc\u00edstico como fuente de ense\u00f1anza.<\/div>\n<\/li>\n<li>\n<div>Involucrar activamente a los alumnos en sus aprendizajes y en su trabajo.<\/div>\n<\/li>\n<li>\n<div>Seleccionar y utilizar nuevas tecnolog\u00edas de manera contextualizada.<\/div>\n<\/li>\n<li>\n<div>Reconocer y utilizar los recursos disponibles en la escuela para su\u00a0 aprovechamiento en la ense\u00f1anza.<\/div>\n<\/li>\n<li>\n<div>Establecer relaciones con Instituciones oficiales y privadas (empresas) que\u00a0permitan las pr\u00e1cticas profesionales in situ.<\/div>\n<\/li>\n<\/ul>\n<\/div>\n<\/div>\n<\/header>\n<p>\u00a0<\/p>\n<header class=\"entry-header\">\n<div id=\"generate-section-8\" class=\"generate-sections-container\">\n<div class=\"grid-container grid-parent generate-sections-inside-container\">\n<h4><strong>PROFESORADO PARA LA EDUCACI\u00d3N INICIAL<\/strong><\/h4>\n<p><strong>T\u00edtulo: <\/strong><strong>Profesor\/a de Educaci\u00f3n Inicial &#8211; Duraci\u00f3n: 4 a\u00f1os &#8211; Validez Nacional<\/strong><\/p>\n<p><strong>Carga horaria total:\u00a0<\/strong>2.624 horas reloj (3.936 horas c\u00e1tedra)<\/p>\n<p><strong>Objetivos de la carrera<\/strong><\/p>\n<ul>\n<li>Contribuir al fortalecimiento dela Educaci\u00f3nInicialProvincial, entendida \u00e9sta como una Unidad Pedag\u00f3gica y como un factor estrat\u00e9gico para garantizar la equidad y la inclusi\u00f3n social, a trav\u00e9s dela Formaci\u00f3n Inicialde \u201cProfesores de Educaci\u00f3n Inicial\u201d, dentro del marco general que plantean las Pol\u00edticas Educativas Nacionales y Provinciales.<\/li>\n<li>Formar docentes capaces de asumirse como primeros agentes del Estado con quienes se vinculan los\/as ni\u00f1os\/as de modo sistem\u00e1tico, y de desplegar pr\u00e1cticas educativas contextualizadas, desde claros posicionamientos te\u00f3ricos, con creatividad, esp\u00edritu de innovaci\u00f3n, compromiso social y respeto por la diversidad.<\/li>\n<\/ul>\n<ul>\n<li>Garantizar una formaci\u00f3n docente inicial integral, a trav\u00e9s del desarrollo equilibrado de los campos de formaci\u00f3n pedag\u00f3gica espec\u00edfica y de la pr\u00e1ctica profesional docente, con los aportes de los diferentes campos del conocimiento.<\/li>\n<li>Promover el desarrollo de habilidades y actitudes para el ejercicio \u00e9tico, racional, reflexivo, cr\u00edtico y eficiente de la docencia, entendiendo que la Educaci\u00f3n Inicial es un derecho y un deber social, y que los ni\u00f1os y ni\u00f1as son sujetos de derecho, seres sociales, integrantes de una familia y de una comunidad, que poseen caracter\u00edsticas personales, sociales, culturales y ling\u00fc\u00edsticas particulares y que aprenden en un proceso constructivo y relacional con su ambiente.<\/li>\n<li>Estimular procesos que impulsen la cooperaci\u00f3n y la conformaci\u00f3n de redes interinstitucionales, el trabajo en grupo y la responsabilidad, propiciando la formaci\u00f3n de ciudadanos y profesionales conscientes de sus deberes y derechos, dispuestos y capacitados para participar y liderar en la detecci\u00f3n y soluci\u00f3n de los problemas \u00e1ulicos, institucionales y comunitarios<\/li>\n<\/ul>\n<p><strong>Perfil del egresado<\/strong><\/p>\n<p>Se aspira a formar un\/a profesor\/a para el Nivel Inicial que sea a la vez persona comprometida, mediador intercultural, animador de una comunidad educativa, garante de la Ley, organizador de una vida democr\u00e1tica, intelectual y conductor cultural. Se pretende formar un docente con capacidad de:<\/p>\n<ul>\n<li>Asumirse como un ser aut\u00f3nomo, comprometido con la realidad sociocultural en la cual est\u00e1 inserto, que pueda:<\/li>\n<li>Reflexionar sobre su propia historia y experiencias.<\/li>\n<li>Aceptar sus limitaciones y optimizar sus posibilidades.<\/li>\n<li>Establecer v\u00ednculos basados en el respeto y tolerancia y respeto por los dem\u00e1s.<\/li>\n<li>Promover el aprendizaje y el desarrollo cognitivo, social, afectivo y psicomotriz de los\/as alumnos\/as en la franja et\u00e1rea correspondiente al nivel inicial (45 d\u00edas a 5 a\u00f1os inclusive).<\/li>\n<li>Dise\u00f1ar e implementar pr\u00e1cticas educativas pertinentes y acordes con la heterogeneidad de los sujetos y sus contextos, siendo capaz de desempe\u00f1ar sus tareas en realidades diversas (espacios urbanos, suburbanos o rurales), demostrando atenci\u00f3n y respeto por la diversidad de caracter\u00edsticas y condiciones relacionadas con el idioma, las formas de vida de la familia, los patrones de crianza y el entorno comunitario.<\/li>\n<\/ul>\n<ul>\n<li>Integrar en la tarea educativa a las familias y adultos responsables de los\/las ni\u00f1os\/as, propiciando comunicaciones fluidas, di\u00e1logos constructivos y respeto mutuo en la b\u00fasqueda de criterios compartidos acordes con los principios formativos del nivel.<\/li>\n<li>Trabajar en equipo con otros docentes, elaborar proyectos institucionales compartidos y participar y proponer actividades propias de las instituciones de nivel inicial como as\u00ed tambi\u00e9n con las organizaciones de la comunidad.<\/li>\n<li>Dise\u00f1ar y desarrollar proyectos, emprender y colaborar con programas que promueven el bienestar infantil.<\/li>\n<li>Desarrollar el pensamiento divergente, la capacidad expresiva y comunicativa, sensibilidad est\u00e9tica y valorar el patrimonio cultural.<\/li>\n<li>Asumir un compromiso en la configuraci\u00f3n y consolidaci\u00f3n del Nivel Inicial.<\/li>\n<li>Tomar decisiones en la pr\u00e1ctica docente con fundamentos did\u00e1ctico-pedag\u00f3gico-disciplinares que las sustenten, ante s\u00ed y ante sus colegas.<\/li>\n<li>\u00a0Adoptar una actitud cr\u00edtica sobre su acci\u00f3n, reflexiva y siempre abierta al cambio y estar dispuesto a indagar, replantear y resignificar situaciones conceptos o decisiones de la pr\u00e1ctica docente.<\/li>\n<li>Dar continuidad a su formaci\u00f3n inicial, profundizando sus conocimientos y su capacidad reflexiva acerca de sus propias pr\u00e1cticas, de los sujetos, los campos disciplinares, los contextos, las innovaciones y su identidad como docente.<\/li>\n<li>Valorar a los otros como sujetos, sociales e hist\u00f3ricamente constituidos o en proceso de constituci\u00f3n.<\/li>\n<li>Desarrollarse como protagonista responsable del momento hist\u00f3rico en el que le toca desempe\u00f1arse.<\/li>\n<li>Participar activa y democr\u00e1ticamente en la vida institucional y comunitaria.<\/li>\n<\/ul>\n<p>\u00a0<\/p>\n<\/div>\n<\/div>\n<div id=\"generate-section-9\" class=\"generate-sections-container\">\n<div class=\"grid-container grid-parent generate-sections-inside-container\">\n<h4><strong>PROFESORADO DE EDUCACI\u00d3N SECUNDARIA EN CIENCIA POL\u00cdTICA<\/strong><\/h4>\n<p><strong>T\u00edtulo: Profesor\/a de Educaci\u00f3n Secundaria en Ciencia Pol\u00edtica &#8211; Duraci\u00f3n: 4 a\u00f1os &#8211; Validez Nacional<\/strong><\/p>\n<section class=\"g-pt-50 g-pb-50 contenido-pag\">\n<div class=\"container\">\n<div class=\"row\">\n<div class=\"col-12\">\n<div id=\"nav-1-1-default-hor-left-underline\" class=\"tab-content\">\n<div id=\"informacion-basica\" class=\"tab-pane fade show active\" role=\"tabpanel\">\n<div class=\"wpb_text_column wpb_content_element \">\n<div class=\"wpb_wrapper\">\n<p>Esta formaci\u00f3n docente apunta al desarrollo de saberes y capacidades para la ense\u00f1anza, como as\u00ed tambi\u00e9n al est\u00edmulo de la investigaci\u00f3n y la innovaci\u00f3n\u00a0 educativa.<br \/>Desde una mirada integral, la formaci\u00f3n exige generar las condiciones para que los futuros docentes realicen un proceso de desarrollo personal que les permita reconocer y comprometerse en un itinerario formativo que va m\u00e1s all\u00e1 de las experiencias educativas formales.<br \/>Por tanto, son prop\u00f3sitos de esta carrera:<\/p>\n<ul>\n<li>\n<p>Concebir la formaci\u00f3n docente como una pr\u00e1ctica social transformadora, que se sostiene en valores democr\u00e1ticos, acciones coherentes con los discursos del caso y que revaloriza el conocimiento como herramienta necesaria para transformar y comprender la realidad.<\/p>\n<\/li>\n<li>\n<p>Promover la construcci\u00f3n de una identidad docente basada en la autonom\u00eda profesional, el trabajo colaborativo, el compromiso con la igualdad y la confianza en las posibilidades de aprendizaje de los\/as alumnos\/as.<\/p>\n<\/li>\n<li>\n<p>Brindar a los futuros docentes una formaci\u00f3n pedag\u00f3gica integral que les permita indagar, analizar, comprender y resolver las problem\u00e1ticas educativas surgidas de su pr\u00e1ctica profesional.<\/p>\n<\/li>\n<li>\n<p>Revalorizar la centralidad de la ense\u00f1anza como funci\u00f3n sustantiva del docente y de su integraci\u00f3n Institucional.\u00a0\u00a0<\/p>\n<\/li>\n<li>\n<p>Enriquecer la acepci\u00f3n de la \u201cdiversidad\u201d como experiencia cultural colectiva del aprendizaje, reconocedora de las situaciones individuales y de los \u00a0contextos sociales.<\/p>\n<\/li>\n<li>\n<p>Incluir al sujeto de la\u00a0 Educaci\u00f3n Secundaria a trav\u00e9s de una \u00a0ense\u00f1anza compuesta por las dimensiones psicol\u00f3gicas, subjetivas, cognitivas, afectivas, emocionales y socio-culturales.<\/p>\n<\/li>\n<li>\n<p>Desarrollar el conocimiento a trav\u00e9s de los m\u00e9todos cient\u00edficos de cada uno, el an\u00e1lisis cr\u00edtico transformador, la reflexi\u00f3n y actualizaci\u00f3n permanente de los marcos te\u00f3ricos de referencia.<\/p>\n<\/li>\n<li>\n<p>Lograr que el docente de Ciencia Pol\u00edtica comprenda y explique saberes con el fin de aplicar el marco epistemol\u00f3gico de la disciplina y sus m\u00e9todos, \u00a0as\u00ed como la cambiante\u00a0 consideraci\u00f3n social \u2013 cultural y econ\u00f3mica de la realidad hist\u00f3rica Pol\u00edtica del Hombre.<\/p>\n<\/li>\n<\/ul>\n<p>Consolidarlo en la constante revisi\u00f3n de su propia pr\u00e1ctica y de la creatividad respecto de la misma, para poder as\u00ed generar un \u00e1mbito de aprendizaje donde el respeto por las producciones mutuas -alumnos-docentes- sean el eje central del conocimiento.<\/p>\n<p><strong>Perfil del egresado<\/strong><\/p>\n<\/div>\n<\/div>\n<div class=\"vc_tta-container\" data-vc-action=\"collapseAll\">\n<div class=\"vc_general vc_tta vc_tta-accordion vc_tta-color-sky vc_tta-style-classic vc_tta-shape-rounded vc_tta-o-shape-group vc_tta-controls-align-left vc_tta-o-no-fill vc_tta-o-all-clickable\">\n<div class=\"vc_tta-panels-container\">\n<div class=\"vc_tta-panels\">\n<div id=\"1472821224254-bade7444-53cf\" class=\"vc_tta-panel vc_active\" data-vc-content=\".vc_tta-panel-body\">\n<div class=\"vc_tta-panel-body\">\n<div class=\"wpb_text_column wpb_content_element \">\n<div class=\"wpb_wrapper\">\n<p>El Profesor de Educaci\u00f3n Secundaria en Ciencia Pol\u00edtica tendr\u00e1 una formaci\u00f3n que pivotear\u00e1 sobre tres \u00e1reas de competencias sustantivas: formaci\u00f3n general, formaci\u00f3n espec\u00edfica y la formaci\u00f3n en la pr\u00e1ctica profesional.<br \/>El Profesor de Educaci\u00f3n Secundaria en Ciencia Pol\u00edtica\u00a0 acreditar\u00e1 las siguientes aptitudes:<\/p>\n<ul>\n<li>Conocimientos para desenvolverse en el \u00e1rea de la Ciencia Pol\u00edtica, particularmente en los consiguientes \u00e1mbitos: el de la Educaci\u00f3n Secundaria, el de la Capacitaci\u00f3n Docente, el de la Investigaci\u00f3n y de la Extensi\u00f3n;<\/li>\n<li>Aptitudes para desenvolverse\u00a0 en las Disciplinas de Formaci\u00f3n Espec\u00edfica delimitadas por los marcos epistemol\u00f3gicos y procedimentales referidos a la Ciencia Pol\u00edtica en los \u00e1mbitos se\u00f1alados y seg\u00fan dispongan las normas jurisdiccionales y\/o nacionales;<\/li>\n<li>Habilidades para la investigaci\u00f3n, la experimentaci\u00f3n y la innovaci\u00f3n, como condiciones necesarias para alcanzar los objetivos institucionales y provinciales;<\/li>\n<li>\u00a0Capacidades para contribuir en la organizaci\u00f3n, gesti\u00f3n y supervisi\u00f3n de unidades educativas, con especial \u00e9nfasis en el trabajo de definici\u00f3n y construcci\u00f3n de valores y procesos institucionales.<\/li>\n<\/ul>\n<\/div>\n<\/div>\n<\/div>\n<\/div>\n<\/div>\n<\/div>\n<\/div>\n<\/div>\n<\/div>\n<\/div>\n<\/div>\n<\/div>\n<\/div>\n<\/section>\n<\/div>\n<\/div>\n<div id=\"generate-section-10\" class=\"generate-sections-container\">\n<div class=\"grid-container grid-parent generate-sections-inside-container\">\u00a0<\/div>\n<\/div>\n<\/header>\n<div class=\"entry-content\">\u00a0<\/div>\n<h4 style=\"text-align: right;\">\u00a0<\/h4>\n\n\n<p>Mir\u00e1 los <a href=\"https:\/\/iescoloniaelisa-cha.infd.edu.ar\/sitio\/catalogo\/plan-de-estudio\/\" data-type=\"URL\" data-id=\"https:\/\/iescoloniaelisa-cha.infd.edu.ar\/sitio\/catalogo\/plan-de-estudio\/\" target=\"_blank\" rel=\"noreferrer noopener\">Planes y Dise\u00f1os curriculares ac\u00e1.<\/a><\/p>\n","protected":false},"excerpt":{"rendered":"<p>Profesorado de Ense\u00f1anza Secundaria en Lengua y Literatura T\u00edtulo: Profesor\/a para la Educaci\u00f3n Secundaria en Lengua y Literatura, con validez nacional &#8211; Duraci\u00f3n:\u00a04 a\u00f1os &#8211; Validez Nacional La formaci\u00f3n docente en Lengua y Literatura le permite adquirir un conocimiento de la lengua espa\u00f1ola: su fonolog\u00eda, morfolog\u00eda, sintaxis, y sem\u00e1ntica, como as\u00ed tambi\u00e9n herramientas para el &#8230; <a title=\"NUESTRAS PROPUESTAS EDUCATIVAS EN 2024\" class=\"read-more\" href=\"https:\/\/iescoloniaelisa-cha.infd.edu.ar\/sitio\/inicio\/inscripciones\/\" aria-label=\"More on NUESTRAS PROPUESTAS EDUCATIVAS EN 2024\">[+]<\/a><\/p>\n","protected":false},"author":6,"featured_media":0,"parent":286,"menu_order":0,"comment_status":"closed","ping_status":"closed","template":"","meta":[],"acf":[],"_links":{"self":[{"href":"https:\/\/iescoloniaelisa-cha.infd.edu.ar\/sitio\/wp-json\/wp\/v2\/pages\/768"}],"collection":[{"href":"https:\/\/iescoloniaelisa-cha.infd.edu.ar\/sitio\/wp-json\/wp\/v2\/pages"}],"about":[{"href":"https:\/\/iescoloniaelisa-cha.infd.edu.ar\/sitio\/wp-json\/wp\/v2\/types\/page"}],"author":[{"embeddable":true,"href":"https:\/\/iescoloniaelisa-cha.infd.edu.ar\/sitio\/wp-json\/wp\/v2\/users\/6"}],"replies":[{"embeddable":true,"href":"https:\/\/iescoloniaelisa-cha.infd.edu.ar\/sitio\/wp-json\/wp\/v2\/comments?post=768"}],"version-history":[{"count":32,"href":"https:\/\/iescoloniaelisa-cha.infd.edu.ar\/sitio\/wp-json\/wp\/v2\/pages\/768\/revisions"}],"predecessor-version":[{"id":1256,"href":"https:\/\/iescoloniaelisa-cha.infd.edu.ar\/sitio\/wp-json\/wp\/v2\/pages\/768\/revisions\/1256"}],"up":[{"embeddable":true,"href":"https:\/\/iescoloniaelisa-cha.infd.edu.ar\/sitio\/wp-json\/wp\/v2\/pages\/286"}],"wp:attachment":[{"href":"https:\/\/iescoloniaelisa-cha.infd.edu.ar\/sitio\/wp-json\/wp\/v2\/media?parent=768"}],"curies":[{"name":"wp","href":"https:\/\/api.w.org\/{rel}","templated":true}]}}